{"id":49,"date":"2022-07-19T21:02:38","date_gmt":"2022-07-19T21:02:38","guid":{"rendered":"https:\/\/uodi.uw.edu.pl\/?page_id=49"},"modified":"2024-01-03T10:46:02","modified_gmt":"2024-01-03T10:46:02","slug":"konferencja-2022","status":"publish","type":"page","link":"https:\/\/uodi.uw.edu.pl\/index.php\/konferencja-2022\/","title":{"rendered":"Konferencja 2022"},"content":{"rendered":"\n<p><strong>W stron\u0119 \u015brodowiskowych us\u0142ug spo\u0142ecznych \u2013 deinstytucjonalizacja praktyk pomocowych w Polsce i w Europie<\/strong><\/p>\n\n\n\n<p>Konferencja odby\u0142a si\u0119 w dniach 29-30 listopada 2022 r. i mia\u0142a charakter hybrydowy.<\/p>\n\n\n\n<p>Poni\u017cej mo\u017cna obejrze\u0107 nagranie z pierwszego dnia konferencji (29.11.2022)<\/p>\n\n\n\n<figure class=\"wp-block-embed is-type-video is-provider-youtube wp-block-embed-youtube wp-embed-aspect-16-9 wp-has-aspect-ratio\"><div class=\"wp-block-embed__wrapper\">\n<iframe loading=\"lazy\" title=\"Konferencja &quot;W stron\u0119 \u015brodowiskowych us\u0142ug spo\u0142ecznych&quot; 29.11.2022\" width=\"1200\" height=\"675\" src=\"https:\/\/www.youtube.com\/embed\/v2kZycisYDc?feature=oembed\" frameborder=\"0\" allow=\"accelerometer; autoplay; clipboard-write; encrypted-media; gyroscope; picture-in-picture; web-share\" allowfullscreen><\/iframe>\n<\/div><\/figure>\n\n\n\n<div class=\"wp-block-buttons is-layout-flex wp-block-buttons-is-layout-flex\">\n<div class=\"wp-block-button\"><a class=\"wp-block-button__link has-accent-background-color has-background wp-element-button\" href=\"https:\/\/uodi.uw.edu.pl\/index.php\/program-konferencji\/\">Program konferencji online<\/a><\/div>\n<\/div>\n\n\n\n<p><a href=\"https:\/\/uodi.uw.edu.pl\/wp-content\/uploads\/2022\/11\/UODI_program_konferencji-29-11-2022_final2.pdf\" data-type=\"attachment\">Pobierz pe\u0142ny program konferencji w PDF<\/a><\/p>\n\n\n\n<p>30.11.2022  odby\u0142y si\u0119 3 sesje warsztatowe stacjonarnie w Bibliotece Uniwersytetu Warszawskiego <\/p>\n\n\n\n<ul class=\"wp-block-list\">\n<li>9:30 \u2013 11:00 \u2013 <strong>Warsztat 1: Kapita\u0142 solidarno\u015bci \u2013 jakie mechanizmy odkryli\u015bmy pomagaj\u0105c uchod\u017acom z Ukrainy?<\/strong>\n<ul class=\"wp-block-list\">\n<li>Organizator: Wydzia\u0142 Stosowanych Nauk Spo\u0142ecznych i Resocjalizacji UW<\/li>\n<\/ul>\n<\/li>\n\n\n\n<li>11:30 \u2013 13:00 \u2013 <strong>Warsztat 2: Dzieci i m\u0142odzie\u017c uchod\u017acza z Ukrainy \u2013 wyzwanie dla Polski czy wieloaspektowa warto\u015b\u0107 dodana?<\/strong>\n<ul class=\"wp-block-list\">\n<li>Organizator: Centrum Europejskie UW<\/li>\n<\/ul>\n<\/li>\n\n\n\n<li>13:30 \u2013 15:00 \u2013 <strong>Warsztat 3: Pomoc uchod\u017acom z Ukrainy: jakie koszty i korzy\u015bci?<\/strong>\n<ul class=\"wp-block-list\">\n<li>Organizator: Instytut Studi\u00f3w Spo\u0142ecznych im. Profesora Robera Zajonca UW<\/li>\n<\/ul>\n<\/li>\n<\/ul>\n\n\n\n<p>Poni\u017cej pe\u0142ny program warsztat\u00f3w:<\/p>\n\n\n\n<div class=\"wp-block-buttons is-layout-flex wp-block-buttons-is-layout-flex\">\n<div class=\"wp-block-button\"><a class=\"wp-block-button__link has-accent-background-color has-background wp-element-button\" href=\"https:\/\/uodi.uw.edu.pl\/index.php\/warsztat-kapital-solidarnosci-jakie-mechanizmy-odkrylismy-pomagajac-uchodzcom-z-ukrainy\/\">Program warsztatu 1<\/a><\/div>\n\n\n\n<div class=\"wp-block-button\"><a class=\"wp-block-button__link has-accent-background-color has-background wp-element-button\" href=\"https:\/\/uodi.uw.edu.pl\/index.php\/warsztat-dzieci-i-mlodziez-uchodzcza-z-ukrainy-wyzwanie-dla-polski-czy-wieloaspektowa-wartosc-dodana\/\">Program warsztatu 2<\/a><\/div>\n\n\n\n<div class=\"wp-block-button\"><a class=\"wp-block-button__link has-accent-background-color has-background wp-element-button\" href=\"https:\/\/uodi.uw.edu.pl\/index.php\/warsztat-pomoc-uchodzcom-z-ukrainy-jakie-koszty-i-korzysci\/\">Program warsztatu 3<\/a><\/div>\n<\/div>\n\n\n\n<p><a href=\"https:\/\/uodi.uw.edu.pl\/wp-content\/uploads\/2022\/11\/UODI_program_warsztaty-30-11-2022_final2.pdf\" data-type=\"attachment\" data-id=\"169\">Pobierz pe\u0142ny program warsztat\u00f3w w PDF<\/a><\/p>\n","protected":false},"excerpt":{"rendered":"<p>W stron\u0119 \u015brodowiskowych us\u0142ug spo\u0142ecznych \u2013 deinstytucjonalizacja praktyk pomocowych w Polsce i w Europie Konferencja odby\u0142a si\u0119 w dniach 29-30 listopada 2022 r. i mia\u0142a charakter hybrydowy. Poni\u017cej mo\u017cna obejrze\u0107 nagranie z pierwszego dnia konferencji (29.11.2022) Pobierz pe\u0142ny program konferencji w PDF 30.11.2022 odby\u0142y si\u0119 3 sesje warsztatowe stacjonarnie w Bibliotece Uniwersytetu Warszawskiego Poni\u017cej pe\u0142ny &#8230; <a title=\"Konferencja 2022\" class=\"read-more\" href=\"https:\/\/uodi.uw.edu.pl\/index.php\/konferencja-2022\/\" aria-label=\"Dowiedz si\u0119 wi\u0119cej o Konferencja 2022\">Czytaj dalej<\/a><\/p>\n","protected":false},"author":1,"featured_media":0,"parent":0,"menu_order":0,"comment_status":"closed","ping_status":"closed","template":"","meta":{"footnotes":""},"class_list":["post-49","page","type-page","status-publish"],"_links":{"self":[{"href":"https:\/\/uodi.uw.edu.pl\/index.php\/wp-json\/wp\/v2\/pages\/49","targetHints":{"allow":["GET"]}}],"collection":[{"href":"https:\/\/uodi.uw.edu.pl\/index.php\/wp-json\/wp\/v2\/pages"}],"about":[{"href":"https:\/\/uodi.uw.edu.pl\/index.php\/wp-json\/wp\/v2\/types\/page"}],"author":[{"embeddable":true,"href":"https:\/\/uodi.uw.edu.pl\/index.php\/wp-json\/wp\/v2\/users\/1"}],"replies":[{"embeddable":true,"href":"https:\/\/uodi.uw.edu.pl\/index.php\/wp-json\/wp\/v2\/comments?post=49"}],"version-history":[{"count":14,"href":"https:\/\/uodi.uw.edu.pl\/index.php\/wp-json\/wp\/v2\/pages\/49\/revisions"}],"predecessor-version":[{"id":276,"href":"https:\/\/uodi.uw.edu.pl\/index.php\/wp-json\/wp\/v2\/pages\/49\/revisions\/276"}],"wp:attachment":[{"href":"https:\/\/uodi.uw.edu.pl\/index.php\/wp-json\/wp\/v2\/media?parent=49"}],"curies":[{"name":"wp","href":"https:\/\/api.w.org\/{rel}","templated":true}]}}