{"id":374,"date":"2026-03-23T21:32:24","date_gmt":"2026-03-23T21:32:24","guid":{"rendered":"https:\/\/uodi.uw.edu.pl\/?page_id=374"},"modified":"2026-04-09T20:13:29","modified_gmt":"2026-04-09T20:13:29","slug":"program-konferencji-2026","status":"publish","type":"page","link":"https:\/\/uodi.uw.edu.pl\/index.php\/program-konferencji-2026\/","title":{"rendered":"Program konferencji 2026"},"content":{"rendered":"\n<p><strong>Podej\u015bcie \u015brodowiskowe w dzia\u0142aniach pomocowych: <strong>Jak wdra\u017ca\u0107 \u015brodowiskowe praktyki pomocowe? Jak mierzy\u0107 efekt uspo\u0142ecznienia?<\/strong><\/strong><\/p>\n\n\n\n<ul class=\"wp-block-list\">\n<li><strong>10:00 \u2013 10:10 \u2013 Otwarcie konferencji<\/strong>\n<ul class=\"wp-block-list\">\n<li>prof. dr hab. Ewa Krogulec, Prorektor Uniwersytetu Warszawskiego ds. rozwoju<\/li>\n\n\n\n<li>dr hab. Aneta Gawkowska, prof. ucz., Dziekan Wydzia\u0142u Stosowanych Nauk Spo\u0142ecznych i Resocjalizacji UW<\/li>\n<\/ul>\n<\/li>\n\n\n\n<li><strong>10.10 &#8211; 12.00 Sesja I: Wdra\u017canie \u015brodowiskowego modelu dzia\u0142a\u0144 pomocowych: Gdzie jeste\u015bmy na p\u00f3\u0142metku realizacji <em>Strategii rozwoju us\u0142ug spo\u0142ecznych<\/em>?<\/strong>\n<ul class=\"wp-block-list\">\n<li>Wyst\u0105pienie wprowadzaj\u0105ce: \u201eCzym jest (i czym nie jest) \u015brodowiskowe podej\u015bcie do organizacji dzia\u0142a\u0144 pomocowych&#8221; \u2013 dr hab. Marek Rymsza, prof. ucz., WSNSiR UW, kierownik UODI-UW<\/li>\n<\/ul>\n<\/li>\n\n\n\n<li><strong>Panel ekspert\u00f3w UODI UW<\/strong>\n<ul class=\"wp-block-list\">\n<li>Dr hab. Mariola Rac\u0142aw, prof. ucz. \u2013 Praktyki pomocowe w obszarze pieczy zast\u0119pczej<\/li>\n\n\n\n<li>Dr Mateusz Glinowiecki \u2013 Praktyki pomocowe w obszarze zdrowia psychicznego<\/li>\n\n\n\n<li>Dr Marta Czapnik-Jurak \u2013 Praktyki pomocowe w obszarze bezdomno\u015bci<\/li>\n\n\n\n<li>Dr Izabela Grabowska \u2013 Praktyki pomocowe w obszarze niepe\u0142nosprawno\u015bci<\/li>\n\n\n\n<li>Dr Magdalena Rosochacka-Gmitrzak \u2013 Praktyki pomocowe w obszarze wsparcia senior\u00f3w<\/li>\n<\/ul>\n<\/li>\n\n\n\n<li><strong>Panel interesariuszy<\/strong>\n<ul class=\"wp-block-list\">\n<li>Katarzyna Nowakowska, Wiceminister Ministerstwa Rodziny, Pracy i Polityki Spo\u0142ecznej<\/li>\n\n\n\n<li> Wioletta Wilimska, Dyrektor Regionalnego O\u015brodka Polityki Spo\u0142ecznej w Krakowie<\/li>\n\n\n\n<li>Daniel Pr\u0119dkopowicz, Prezes Fundacji Fundusz Wsp\u00f3\u0142pracy<\/li>\n\n\n\n<li>Magdalena Pop\u0142o\u0144ska-Kowalska, Prezes Zarz\u0105du Krajowego Forum Centr\u00f3w Us\u0142ug Spo\u0142ecznych<\/li>\n\n\n\n<li>Dr hab. Maria \u0141uszczy\u0144ska, prof. ucz., UEK<\/li>\n\n\n\n<li>Moderacja: dr hab. Marek Rymsza, prof. ucz., WSNSiR UW<\/li>\n<\/ul>\n<\/li>\n\n\n\n<li><strong>12:00 &#8211; 12.15 &#8211; Przerwa<\/strong><\/li>\n\n\n\n<li><strong>12:15 \u2013 13:45 \u2013 Sesja II: Pomiar oddzia\u0142ywania spo\u0142ecznego na poziomie lokalnym. Z do\u015bwiadcze\u0144 projektu \u201eSpo\u0142eczna warto\u015b\u0107 dodana i kapita\u0142 solidarno\u015bci \u2013 d\u017awignie lokalnego rozwoju inkluzywnego\u201d<\/strong>\n<ul class=\"wp-block-list\">\n<li>\u201eNarz\u0119dzia pomiaru oddzia\u0142ywania spo\u0142ecznego: do\u015bwiadczenia z pilota\u017cu\u201d \u2013 dr Szymon W\u00f3jcik i dr Izabela Grabowska, WSNSiR UW<\/li>\n<\/ul>\n<\/li>\n\n\n\n<li><strong>Panel dolno\u015bl\u0105skich praktyk\u00f3w<\/strong>\n<ul class=\"wp-block-list\">\n<li>Zenon Matuszko &#8211; Lider Sieci Wa\u0142brzyska Ekonomia Spo\u0142eczna<\/li>\n\n\n\n<li>Bogdan Weiner &#8211; Fundacja Rozwoju Ekonomii Spo\u0142ecznej<\/li>\n\n\n\n<li>Marta Bednarek &#8211; Fundacja Rozwoju Ekonomii Spo\u0142ecznej&nbsp;<\/li>\n\n\n\n<li>\u0141ukasz Lipka &#8211; Zast\u0119pca dyrektora, Miejski O\u015brodek Pomocy Spo\u0142ecznej w Wa\u0142brzychu<\/li>\n\n\n\n<li>Moderacja: dr hab. Bohdan Skrzypczak, WSNSiR UW, lider projektu<\/li>\n<\/ul>\n<\/li>\n\n\n\n<li><strong>13:45 &#8211; 14.00 &#8211; Przerwa<\/strong><\/li>\n\n\n\n<li><strong>14:00 \u2013 15:00 \u2013 Panel dyskusyjny: Asystentura mi\u0119dzykulturowa jako forma wsparcia \u015brodowiskowego. Do\u015bwiadczenia wspierania uczni\u00f3w ukrai\u0144skich w polskim systemie o\u015bwiaty<\/strong>\n<ul class=\"wp-block-list\">\n<li>Agnieszka Kozakoszczak , Fundacja na rzecz R\u00f3\u017cnorodno\u015bci Spo\u0142ecznej, WSNSiR UW<\/li>\n\n\n\n<li>Agnieszka Kosowicz, Polskie Forum Migracyjne<\/li>\n\n\n\n<li>Marzena Mankowska, Kuratorium Warszawa<\/li>\n\n\n\n<li>Moderacja: dr hab. Marek Rymsza, prof. ucz., WSNSiR UW<\/li>\n<\/ul>\n<\/li>\n\n\n\n<li><strong>15:00 \u2013 15:10 \u2013 Podsumowanie i zamkni\u0119cie konferencji<\/strong><\/li>\n<\/ul>\n\n\n\n<div class=\"wp-block-buttons is-layout-flex wp-block-buttons-is-layout-flex\">\n<div class=\"wp-block-button is-style-fill\"><a class=\"wp-block-button__link wp-element-button\" href=\"https:\/\/uodi.uw.edu.pl\/wp-content\/uploads\/2026\/03\/Konferencja-UODI-UW_13-04-2026_program_fin.pdf\">Pobierz program w PDF<\/a><\/div>\n<\/div>\n\n\n\n<p><\/p>\n","protected":false},"excerpt":{"rendered":"<p>Podej\u015bcie \u015brodowiskowe w dzia\u0142aniach pomocowych: Jak wdra\u017ca\u0107 \u015brodowiskowe praktyki pomocowe? Jak mierzy\u0107 efekt uspo\u0142ecznienia?<\/p>\n","protected":false},"author":1,"featured_media":0,"parent":0,"menu_order":0,"comment_status":"closed","ping_status":"closed","template":"","meta":{"footnotes":""},"class_list":["post-374","page","type-page","status-publish"],"_links":{"self":[{"href":"https:\/\/uodi.uw.edu.pl\/index.php\/wp-json\/wp\/v2\/pages\/374","targetHints":{"allow":["GET"]}}],"collection":[{"href":"https:\/\/uodi.uw.edu.pl\/index.php\/wp-json\/wp\/v2\/pages"}],"about":[{"href":"https:\/\/uodi.uw.edu.pl\/index.php\/wp-json\/wp\/v2\/types\/page"}],"author":[{"embeddable":true,"href":"https:\/\/uodi.uw.edu.pl\/index.php\/wp-json\/wp\/v2\/users\/1"}],"replies":[{"embeddable":true,"href":"https:\/\/uodi.uw.edu.pl\/index.php\/wp-json\/wp\/v2\/comments?post=374"}],"version-history":[{"count":5,"href":"https:\/\/uodi.uw.edu.pl\/index.php\/wp-json\/wp\/v2\/pages\/374\/revisions"}],"predecessor-version":[{"id":401,"href":"https:\/\/uodi.uw.edu.pl\/index.php\/wp-json\/wp\/v2\/pages\/374\/revisions\/401"}],"wp:attachment":[{"href":"https:\/\/uodi.uw.edu.pl\/index.php\/wp-json\/wp\/v2\/media?parent=374"}],"curies":[{"name":"wp","href":"https:\/\/api.w.org\/{rel}","templated":true}]}}