{"id":368,"date":"2026-03-23T21:07:07","date_gmt":"2026-03-23T21:07:07","guid":{"rendered":"https:\/\/uodi.uw.edu.pl\/?page_id=368"},"modified":"2026-03-23T21:33:47","modified_gmt":"2026-03-23T21:33:47","slug":"konferencja-2026","status":"publish","type":"page","link":"https:\/\/uodi.uw.edu.pl\/index.php\/konferencja-2026\/","title":{"rendered":"Konferencja 2026"},"content":{"rendered":"\n<p><strong>Rejestracja na konferencj\u0119<\/strong>&nbsp;&nbsp;<\/p>\n\n\n<div class=\"frm_forms  with_frm_style frm_style_formidable-style\" id=\"frm_form_4_container\" data-token=\"c6e7528d8408a4a13e9df49380ac251a\">\n<form enctype=\"multipart\/form-data\" method=\"post\" class=\"frm-show-form \" id=\"form_rejestracja2026\" data-token=\"c6e7528d8408a4a13e9df49380ac251a\">\n<div class=\"frm_form_fields \">\n<fieldset>\n<legend class=\"frm_screen_reader\">Rejestracja na konferencj\u0119 13.04.2026<\/legend>\r\n\r\n<div class=\"frm_fields_container\">\n<input type=\"hidden\" name=\"frm_action\" value=\"create\" \/>\n<input type=\"hidden\" name=\"form_id\" value=\"4\" \/>\n<input type=\"hidden\" name=\"frm_hide_fields_4\" id=\"frm_hide_fields_4\" value=\"\" \/>\n<input type=\"hidden\" name=\"form_key\" value=\"rejestracja2026\" \/>\n<input type=\"hidden\" name=\"item_meta[0]\" value=\"\" \/>\n<input type=\"hidden\" id=\"frm_submit_entry_4\" name=\"frm_submit_entry_4\" value=\"442d8136d1\" \/><input type=\"hidden\" name=\"_wp_http_referer\" value=\"\/index.php\/wp-json\/wp\/v2\/pages\/368\" \/><div id=\"frm_field_20_container\" class=\"frm_form_field form-field  frm_required_field frm_top_container frm12 frm_first\">\r\n    <div  id=\"field_pwuxc3_label\" class=\"frm_primary_label\">Imi\u0119 i nazwisko\r\n        <span class=\"frm_required\" aria-hidden=\"true\">*<\/span>\r\n    <\/div>\r\n    <fieldset aria-labelledby=\"field_pwuxc3_label\">\n\t<legend class=\"frm_screen_reader frm_hidden\">\n\t\tImi\u0119 i nazwisko\t<\/legend>\n\n\t<div  class=\"frm_combo_inputs_container\" id=\"frm_combo_inputs_container_20\" data-name-layout=\"first_last\">\n\t\t\t\t\t<div\n\t\t\t\tid=\"frm_field_20-first_container\"\n\t\t\t\tclass=\"frm_form_field form-field frm_form_subfield-first  frm6\"\n\t\t\t\tdata-sub-field-name=\"first\"\n\t\t\t>\n\t\t\t\t<label for=\"field_pwuxc3_first\" class=\"frm_screen_reader frm_hidden\">\n\t\t\t\t\tImi\u0119\t\t\t\t<\/label>\n\n\t\t\t\t<input  type=\"text\" id=\"field_pwuxc3_first\" value=\"\" name=\"item_meta[20][first]\" data-reqmsg=\"Imi\u0119 i nazwisko nie mo\u017ce by\u0107 puste.\" aria-required=\"true\" data-invmsg=\"Imi\u0119 i nazwisko jest nieprawid\u0142owe\" aria-invalid=\"false\"  \/><div class=\"frm_description\" id=\"frm_field_20_first_desc\">Imi\u0119<\/div>\t\t\t<\/div>\n\t\t\t\t\t\t<div\n\t\t\t\tid=\"frm_field_20-last_container\"\n\t\t\t\tclass=\"frm_form_field form-field frm_form_subfield-last  frm6\"\n\t\t\t\tdata-sub-field-name=\"last\"\n\t\t\t>\n\t\t\t\t<label for=\"field_pwuxc3_last\" class=\"frm_screen_reader frm_hidden\">\n\t\t\t\t\tNazwisko\t\t\t\t<\/label>\n\n\t\t\t\t<input  type=\"text\" id=\"field_pwuxc3_last\" value=\"\" name=\"item_meta[20][last]\" data-reqmsg=\"Imi\u0119 i nazwisko nie mo\u017ce by\u0107 puste.\" aria-required=\"true\" data-invmsg=\"Imi\u0119 i nazwisko jest nieprawid\u0142owe\" aria-invalid=\"false\"  \/><div class=\"frm_description\" id=\"frm_field_20_last_desc\">Nazwisko<\/div>\t\t\t<\/div>\n\t\t\t\t<\/div>\n<\/fieldset>\n\r\n    \r\n    \r\n<\/div>\n<div id=\"frm_field_21_container\" class=\"frm_form_field form-field  frm_top_container\">\r\n    <label for=\"field_v86lc3\" id=\"field_v86lc3_label\" class=\"frm_primary_label\">Afiliacja \/ instytucja\r\n        <span class=\"frm_required\" aria-hidden=\"true\"><\/span>\r\n    <\/label>\r\n    <input type=\"text\" id=\"field_v86lc3\" name=\"item_meta[21]\" value=\"\"  data-invmsg=\"Tekst is invalid\" aria-invalid=\"false\"  \/>\r\n    \r\n    \r\n<\/div>\n<div id=\"frm_field_22_container\" class=\"frm_form_field form-field  frm_required_field frm_top_container\">\r\n    <label for=\"field_kc50p3\" id=\"field_kc50p3_label\" class=\"frm_primary_label\">Email\r\n        <span class=\"frm_required\" aria-hidden=\"true\">*<\/span>\r\n    <\/label>\r\n    <input type=\"email\" id=\"field_kc50p3\" name=\"item_meta[22]\" value=\"\"  data-reqmsg=\"Email nie mo\u017ce by\u0107 puste.\" aria-required=\"true\" data-invmsg=\"Email is invalid\" aria-invalid=\"false\"  \/>\r\n    \r\n    \r\n<\/div>\n<div id=\"frm_field_23_container\" class=\"frm_form_field form-field  frm_required_field frm_top_container vertical_radio\">\r\n    <div  id=\"field_p9ylv3_label\" class=\"frm_primary_label\">Informacja o przetwarzaniu danych osobowych\r\n        <span class=\"frm_required\" aria-hidden=\"true\">*<\/span>\r\n    <\/div>\r\n    <div class=\"frm_opt_container\" aria-labelledby=\"field_p9ylv3_label\" role=\"group\">\t\t<div class=\"frm_checkbox\" id=\"frm_checkbox_23-0\">\t\t\t<label  for=\"field_p9ylv3-0\">\n\t\t\t<input type=\"checkbox\" name=\"item_meta[23][]\" id=\"field_p9ylv3-0\" value=\"Wyra\u017cam zgod\u0119 na przetwarzanie danych\"  data-reqmsg=\"Informacja o przetwarzaniu danych osobowych cannot be blank.\" data-invmsg=\"Informacja o przetwarzaniu danych osobowych jest nieprawid\u0142owe\"   aria-required=\"true\"  \/> Wyra\u017cam zgod\u0119 na przetwarzanie danych<\/label><\/div>\n<\/div>\r\n    <div class=\"frm_description\" id=\"frm_desc_field_p9ylv3\">Administratorem Pa\u0144stwa danych jest Uniwersytet Warszawski, ul.\r\nKrakowskie Przedmie\u015bcie 26\/28, 00-927 Warszawa. Pe\u0142na tre\u015b\u0107 informacji: https:\/\/sway.office.com\/83XrG2ridu5gUQEm<\/div>\r\n    \r\n<\/div>\n<div id=\"frm_field_24_container\" class=\"frm_form_field form-field \">\r\n\t<div class=\"frm_submit\">\r\n\r\n<button class=\"frm_button_submit\" type=\"submit\"  >Wy\u015blij<\/button>\r\n\r\n\r\n<\/div>\r\n<\/div>\n\t<input type=\"hidden\" name=\"item_key\" value=\"\" \/>\n\t\t\t<div id=\"frm_field_25_container\">\n\t\t\t<label for=\"field_zvf3x\" >\n\t\t\t\tJe\u017celi jeste\u015b cz\u0142owiekiem, zostaw to pole puste.\t\t\t<\/label>\n\t\t\t<input  id=\"field_zvf3x\" type=\"text\" class=\"frm_form_field form-field frm_verify\" name=\"item_meta[25]\" value=\"\"  \/>\n\t\t<\/div>\n\t\t<input name=\"frm_state\" type=\"hidden\" value=\"YUY08M9dzEmHEC12Hct3yC1lxoTKgqPMru\/ZPKCy904=\" \/><\/div>\n<\/fieldset>\n<\/div>\n\n<\/form>\n<\/div>\n\n\n\n<p><strong>Zapraszamy na konferencj\u0119 online &#8222;Podej\u015bcie \u015brodowiskowe w dzia\u0142aniach pomocowych&#8221; 13.04.2026 w godz. 10.00-15.00<\/strong><\/p>\n\n\n\n<p>W Polsce, podobnie jak w pozosta\u0142ych pa\u0144stwach cz\u0142onkowskich UE, upowszechniane jest podej\u015bcie \u015brodowiskowe w zakresie organizacji i metodyki dzia\u0142a\u0144 pomocowych, co w dokumentach programuj\u0105cych okre\u015blane jest jako polityka deinstytucjonalizacji. Podstawowym krajowym dokumentem jest tu \u201eStrategia rozwoju us\u0142ug spo\u0142ecznych\u201d, przyj\u0119ta przez Rz\u0105d RP w 2022 r., a planuj\u0105ca dzia\u0142ania publiczne do 2030 r. W po\u0142owie okresu jej realizacji warto podda\u0107 refleksji, co si\u0119 uda\u0142o osi\u0105gn\u0105\u0107, a jakie s\u0105 bariery i ograniczenia w upowszechnianiu podej\u015bcia \u015brodowiskowego. <\/p>\n\n\n\n<p>Konferencja organizowana 13 kwietnia 2026 r. na Uniwersytecie Warszawskim pod auspicjami Uniwersyteckiego Obserwatorium Deinstytucjonalizacji Praktyk Pomocowych (UODI UW) b\u0119dzie miejscem takiej wsp\u00f3lnej refleksji. Program konferencji obejmuje trzy sesje. W sesji 1 dyskutowa\u0107 b\u0119dziemy o zmianach w ka\u017cdym z pi\u0119ciu obszar\u00f3w dzia\u0142a\u0144 pomocowych uwzgl\u0119dnionych w Strategii z 2022 r. Poniewa\u017c u\u015brodowiskowienie dzia\u0142a\u0144 pomocowych to nie tylko idea przewodnia, ale realny wymiar wprowadzanej zmiany spo\u0142ecznej, w sesji 2 przedstawimy konkretne narz\u0119dzia pomiaru wp\u0142ywu spo\u0142ecznego i poddamy dyskusji mo\u017cliwo\u015b\u0107 ich zastosowania w obszarze \u015brodowiskowych us\u0142ug spo\u0142ecznych. Temat sesji 3 to asystentura mi\u0119dzykulturowa, b\u0119d\u0105ca \u015brodowiskow\u0105 form\u0105 wsparcia dzieci i m\u0142odzie\u017cy ukrai\u0144skiej ucz\u0105cych si\u0119 w polskich szko\u0142ach.&nbsp;&nbsp;<\/p>\n\n\n\n<p>Konferencja b\u0119dzie si\u0119 odbywa\u0107 w formule online. Udzia\u0142 jest bezp\u0142atny. Konieczna jest wcze\u015bniejsza rejestracja. <a href=\"https:\/\/uodi.uw.edu.pl\/index.php\/program-konferencji-2026\/\" data-type=\"page\" data-id=\"374\">Pe\u0142ny program dost\u0119pny tutaj<\/a>.<\/p>\n\n\n\n<div><\/div>\n","protected":false},"excerpt":{"rendered":"<p>Rejestracja na konferencj\u0119&nbsp;&nbsp; Zapraszamy na konferencj\u0119 online &#8222;Podej\u015bcie \u015brodowiskowe w dzia\u0142aniach pomocowych&#8221; 13.04.2026 w godz. 10.00-15.00 W Polsce, podobnie jak w pozosta\u0142ych pa\u0144stwach cz\u0142onkowskich UE, upowszechniane jest podej\u015bcie \u015brodowiskowe w zakresie organizacji i metodyki dzia\u0142a\u0144 pomocowych, co w dokumentach programuj\u0105cych okre\u015blane jest jako polityka deinstytucjonalizacji. Podstawowym krajowym dokumentem jest tu \u201eStrategia rozwoju us\u0142ug spo\u0142ecznych\u201d, przyj\u0119ta &#8230; <a title=\"Konferencja 2026\" class=\"read-more\" href=\"https:\/\/uodi.uw.edu.pl\/index.php\/konferencja-2026\/\" aria-label=\"Dowiedz si\u0119 wi\u0119cej o Konferencja 2026\">Czytaj dalej<\/a><\/p>\n","protected":false},"author":1,"featured_media":0,"parent":0,"menu_order":0,"comment_status":"closed","ping_status":"closed","template":"","meta":{"footnotes":""},"class_list":["post-368","page","type-page","status-publish"],"_links":{"self":[{"href":"https:\/\/uodi.uw.edu.pl\/index.php\/wp-json\/wp\/v2\/pages\/368","targetHints":{"allow":["GET"]}}],"collection":[{"href":"https:\/\/uodi.uw.edu.pl\/index.php\/wp-json\/wp\/v2\/pages"}],"about":[{"href":"https:\/\/uodi.uw.edu.pl\/index.php\/wp-json\/wp\/v2\/types\/page"}],"author":[{"embeddable":true,"href":"https:\/\/uodi.uw.edu.pl\/index.php\/wp-json\/wp\/v2\/users\/1"}],"replies":[{"embeddable":true,"href":"https:\/\/uodi.uw.edu.pl\/index.php\/wp-json\/wp\/v2\/comments?post=368"}],"version-history":[{"count":3,"href":"https:\/\/uodi.uw.edu.pl\/index.php\/wp-json\/wp\/v2\/pages\/368\/revisions"}],"predecessor-version":[{"id":378,"href":"https:\/\/uodi.uw.edu.pl\/index.php\/wp-json\/wp\/v2\/pages\/368\/revisions\/378"}],"wp:attachment":[{"href":"https:\/\/uodi.uw.edu.pl\/index.php\/wp-json\/wp\/v2\/media?parent=368"}],"curies":[{"name":"wp","href":"https:\/\/api.w.org\/{rel}","templated":true}]}}