{"id":236,"date":"2023-11-21T22:39:26","date_gmt":"2023-11-21T22:39:26","guid":{"rendered":"https:\/\/uodi.uw.edu.pl\/?page_id=236"},"modified":"2024-01-03T10:50:31","modified_gmt":"2024-01-03T10:50:31","slug":"konferencja-2023","status":"publish","type":"page","link":"https:\/\/uodi.uw.edu.pl\/index.php\/konferencja-2023\/","title":{"rendered":"Konferencja 2023"},"content":{"rendered":"\n<p>Zapraszamy na konferencj\u0119 Uniwersyteckiego Obserwatorium Deinstytucjonalizcji pt.: <strong>Podej\u015bcie \u015brodowiskowe w dzia\u0142aniach pomocowych: organizacja, metodyka, upowszechnianie<\/strong><br>Konferencja odby\u0142a si\u0119 w formule online &#8211; 12 grudnia 2023 w godz. 10-15.30.<\/p>\n\n\n\n<p>Poni\u017cej mo\u017cna obejrze\u0107 wszystkie nagrania z konferencji.<\/p>\n\n\n\n<p><a href=\"https:\/\/www.youtube.com\/watch?v=F_YMgrzXXaA\"><strong>Sesja I<\/strong><\/a> &#8211; <strong>Pomi\u0119dzy us\u0142ugami \u015brodowiskowymi i plac\u00f3wkami pomocowymi. Profesjonalne praktyki pomocowe w Polsce<\/strong><\/p>\n\n\n\n<figure class=\"wp-block-embed is-type-video is-provider-youtube wp-block-embed-youtube wp-embed-aspect-16-9 wp-has-aspect-ratio\"><div class=\"wp-block-embed__wrapper\">\n<iframe loading=\"lazy\" title=\"Konferencja \u201ePodej\u015bcie \u015brodowiskowe w dzia\u0142aniach pomocowych&quot; - Sesja 1 - 12.12.2023\" width=\"1200\" height=\"675\" src=\"https:\/\/www.youtube.com\/embed\/F_YMgrzXXaA?feature=oembed\" frameborder=\"0\" allow=\"accelerometer; autoplay; clipboard-write; encrypted-media; gyroscope; picture-in-picture; web-share\" referrerpolicy=\"strict-origin-when-cross-origin\" allowfullscreen><\/iframe>\n<\/div><\/figure>\n\n\n\n<p><strong>Sesja II &#8211; Podej\u015bcie \u015brodowiskowe w metodyce wybranych profesji, zawod\u00f3w i specjalno\u015bci pomocowych<\/strong><\/p>\n\n\n\n<figure class=\"wp-block-embed is-type-video is-provider-youtube wp-block-embed-youtube wp-embed-aspect-16-9 wp-has-aspect-ratio\"><div class=\"wp-block-embed__wrapper\">\n<iframe loading=\"lazy\" title=\"Konferencja \u201ePodej\u015bcie \u015brodowiskowe w dzia\u0142aniach pomocowych&quot; - Sesja 2 - 12.12.2023\" width=\"1200\" height=\"675\" src=\"https:\/\/www.youtube.com\/embed\/UjpA47MM6sc?feature=oembed\" frameborder=\"0\" allow=\"accelerometer; autoplay; clipboard-write; encrypted-media; gyroscope; picture-in-picture; web-share\" referrerpolicy=\"strict-origin-when-cross-origin\" allowfullscreen><\/iframe>\n<\/div><\/figure>\n\n\n\n<p>Sesja III &#8211; <strong>Polityka deinstytucjonalizacji opieki nad dzie\u0107mi w Unii Europejskiej oraz dzie\u0107mi uchod\u017ac\u00f3w i migrant\u00f3w w Polsce<\/strong><\/p>\n\n\n\n<figure class=\"wp-block-embed is-type-video is-provider-youtube wp-block-embed-youtube wp-embed-aspect-16-9 wp-has-aspect-ratio\"><div class=\"wp-block-embed__wrapper\">\n<iframe loading=\"lazy\" title=\"Konferencja \u201ePodej\u015bcie \u015brodowiskowe w dzia\u0142aniach pomocowych&quot; - Sesja 3 - 12.12.2023\" width=\"1200\" height=\"675\" src=\"https:\/\/www.youtube.com\/embed\/BWfUu9q6gyY?feature=oembed\" frameborder=\"0\" allow=\"accelerometer; autoplay; clipboard-write; encrypted-media; gyroscope; picture-in-picture; web-share\" referrerpolicy=\"strict-origin-when-cross-origin\" allowfullscreen><\/iframe>\n<\/div><\/figure>\n\n\n\n<p>Sesja IV &#8211; <strong>Dzia\u0142ania pomocowe Polak\u00f3w w kontek\u015bcie kryzysu uchod\u017aczego w Polsce<\/strong><\/p>\n\n\n\n<figure class=\"wp-block-embed is-type-video is-provider-youtube wp-block-embed-youtube wp-embed-aspect-16-9 wp-has-aspect-ratio\"><div class=\"wp-block-embed__wrapper\">\n<iframe loading=\"lazy\" title=\"Konferencja \u201ePodej\u015bcie \u015brodowiskowe w dzia\u0142aniach pomocowych&quot; - Sesja 3 - 12.12.2023\" width=\"1200\" height=\"675\" src=\"https:\/\/www.youtube.com\/embed\/JYJJDCVJzts?feature=oembed\" frameborder=\"0\" allow=\"accelerometer; autoplay; clipboard-write; encrypted-media; gyroscope; picture-in-picture; web-share\" referrerpolicy=\"strict-origin-when-cross-origin\" allowfullscreen><\/iframe>\n<\/div><\/figure>\n\n\n\n<div class=\"wp-block-buttons is-layout-flex wp-block-buttons-is-layout-flex\">\n<div class=\"wp-block-button\"><a class=\"wp-block-button__link wp-element-button\" href=\"https:\/\/uodi.uw.edu.pl\/index.php\/program-konferencji-12-12-2023\/\">Program konferencji<\/a><\/div>\n<\/div>\n\n\n\n<p><\/p>\n","protected":false},"excerpt":{"rendered":"<p>Zapraszamy na konferencj\u0119 Uniwersyteckiego Obserwatorium Deinstytucjonalizcji pt.: Podej\u015bcie \u015brodowiskowe w dzia\u0142aniach pomocowych: organizacja, metodyka, upowszechnianieKonferencja odby\u0142a si\u0119 w formule online &#8211; 12 grudnia 2023 w godz. 10-15.30. Poni\u017cej mo\u017cna obejrze\u0107 wszystkie nagrania z konferencji. Sesja I &#8211; Pomi\u0119dzy us\u0142ugami \u015brodowiskowymi i plac\u00f3wkami pomocowymi. Profesjonalne praktyki pomocowe w Polsce Sesja II &#8211; Podej\u015bcie \u015brodowiskowe w metodyce &#8230; <a title=\"Konferencja 2023\" class=\"read-more\" href=\"https:\/\/uodi.uw.edu.pl\/index.php\/konferencja-2023\/\" aria-label=\"Dowiedz si\u0119 wi\u0119cej o Konferencja 2023\">Czytaj dalej<\/a><\/p>\n","protected":false},"author":1,"featured_media":0,"parent":0,"menu_order":0,"comment_status":"closed","ping_status":"closed","template":"","meta":{"footnotes":""},"class_list":["post-236","page","type-page","status-publish"],"_links":{"self":[{"href":"https:\/\/uodi.uw.edu.pl\/index.php\/wp-json\/wp\/v2\/pages\/236","targetHints":{"allow":["GET"]}}],"collection":[{"href":"https:\/\/uodi.uw.edu.pl\/index.php\/wp-json\/wp\/v2\/pages"}],"about":[{"href":"https:\/\/uodi.uw.edu.pl\/index.php\/wp-json\/wp\/v2\/types\/page"}],"author":[{"embeddable":true,"href":"https:\/\/uodi.uw.edu.pl\/index.php\/wp-json\/wp\/v2\/users\/1"}],"replies":[{"embeddable":true,"href":"https:\/\/uodi.uw.edu.pl\/index.php\/wp-json\/wp\/v2\/comments?post=236"}],"version-history":[{"count":5,"href":"https:\/\/uodi.uw.edu.pl\/index.php\/wp-json\/wp\/v2\/pages\/236\/revisions"}],"predecessor-version":[{"id":278,"href":"https:\/\/uodi.uw.edu.pl\/index.php\/wp-json\/wp\/v2\/pages\/236\/revisions\/278"}],"wp:attachment":[{"href":"https:\/\/uodi.uw.edu.pl\/index.php\/wp-json\/wp\/v2\/media?parent=236"}],"curies":[{"name":"wp","href":"https:\/\/api.w.org\/{rel}","templated":true}]}}